{"id":843,"date":"2023-03-01T20:25:38","date_gmt":"2023-03-01T20:25:38","guid":{"rendered":"https:\/\/promopers.com\/?page_id=843"},"modified":"2023-03-01T20:25:38","modified_gmt":"2023-03-01T20:25:38","slug":"impressum","status":"publish","type":"page","link":"https:\/\/promopers.com\/en\/impressum\/","title":{"rendered":"<p>Imprint<\/p>"},"content":{"rendered":"<p>K<strong>ontact address<\/strong><p>X-Tool Services (Switzerland) AG<br>R\u00fctistrasse 12<br>8952 Schlieren<br>Switzerland<\/p><p>Email:<br>info@promopers.com<\/p><p><strong>Authorized representative(s)<\/strong><\/p><p>Fritz Feissli, Co-CEO &amp; CFO<br>Nicolas Purprua, Co-CEO &amp; IT<\/p><p><strong>Commercial register entry<\/strong><\/p><p>Registered company name: X-Tool Services (Switzerland) AG<br>Commercial Register No: CHE-105.684.765<\/p><p><strong>VAT number<\/strong><br>CHE-105.684.765 VAT<\/p><p><strong>Disclaimer<\/strong><\/p><p>The author assumes no responsibility for the correctness, accuracy, timeliness, reliability and completeness of the information.<\/p><p>Liability claims regarding damage caused by the use of any information provided, including any kind of information which is incomplete or incorrect, will therefore be rejected.<\/p><p>All offers are non-binding. The author expressly reserves the right to change, supplement or delete parts of the pages or the entire offer without special notice or to cease publication temporarily or permanently.<\/p><p><strong>Disclaimer for links<\/strong><\/p><p>References and links to third party websites are outside our area of responsibility. Any responsibility for such websites is declined. The access and use of such websites is at the own risk of the respective user.<\/p><p><strong>Copyrights<\/strong><\/p><p>The copyright and all other rights to the content, images, photos or other files on this website belong exclusively to <strong>of the company X-Tool Services (Switzerland) AG<\/strong> or the specifically named copyright holders. For the reproduction of any elements, the written consent of the copyright holder must be obtained in advance.<\/p><\/p>","protected":false},"excerpt":{"rendered":"<p>Contact Address X-Tool Services (Schweiz) AGR\u00fctistrasse 128952 SchlierenSwitzerland E-Mail:info@promopers.com Person(s) authorized to represent the company Fritz Feissli, Co-CEO &amp; CFONicolas Purprua, Co-CEO &amp; IT Commercial Register Entry Registered Company Name: X-Tool Services (Schweiz) AGCommercial Register No: CHE-105.684.765 Value Added Tax NumberCHE-105.684.765 VAT Disclaimer The author assumes no liability whatsoever with regard to the correctness, accuracy, timeliness, reliability and completeness of the information. Liability claims regarding damage caused by the use of any information provided, including any kind of ... <p class=\"link-more\"><a href=\"https:\/\/promopers.com\/en\/impressum\/\" class=\"more-link\">Continue reading<span class=\"screen-reader-text\"> \"Imprint\"<\/span><\/a><\/p><\/p>","protected":false},"author":1,"featured_media":0,"parent":0,"menu_order":0,"comment_status":"closed","ping_status":"closed","template":"","meta":[],"yoast_head":"<!-- This site is optimized with the Yoast SEO plugin v19.10 - https:\/\/yoast.com\/wordpress\/plugins\/seo\/ -->\n<title>Impressum - X-Tool Services (Schweiz) AG<\/title>\n<meta name=\"robots\" content=\"index, follow, max-snippet:-1, max-image-preview:large, max-video-preview:-1\" \/>\n<link rel=\"canonical\" href=\"https:\/\/promopers.com\/en\/impressum\/\" \/>\n<meta property=\"og:locale\" content=\"en_US\" \/>\n<meta property=\"og:type\" content=\"article\" \/>\n<meta property=\"og:title\" content=\"Impressum - X-Tool Services (Schweiz) AG\" \/>\n<meta property=\"og:description\" content=\"Kontakt-Adresse X-Tool Services (Schweiz) AGR\u00fctistrasse 128952 SchlierenSchweiz E-Mail:info@promopers.com Vertretungsberechtigte Person(en) Fritz Feissli, Co-CEO &amp; CFONicolas Purprua, Co-CEO &amp; IT Handelsregister-Eintrag Eingetragener Firmenname: X-Tool Services (Schweiz) AGHandelsregister Nr: CHE-105.684.765 Mehrwertsteuer-NummerCHE-105.684.765 MWST Haftungsausschluss Der Autor \u00fcbernimmt keinerlei Gew\u00e4hr hinsichtlich der inhaltlichen Richtigkeit, Genauigkeit, Aktualit\u00e4t, Zuverl\u00e4ssigkeit und Vollst\u00e4ndigkeit der Informationen. Haftungsanspr\u00fcche gegen den Autor wegen Sch\u00e4den materieller oder &hellip; Continue reading &quot;Impressum&quot;\" \/>\n<meta property=\"og:url\" content=\"https:\/\/promopers.com\/en\/impressum\/\" \/>\n<meta property=\"og:site_name\" content=\"X-Tool Services (Schweiz) AG\" \/>\n<meta property=\"article:publisher\" content=\"https:\/\/www.facebook.com\/promotionspersonal\/\" \/>\n<meta name=\"twitter:card\" content=\"summary_large_image\" \/>\n<meta name=\"twitter:label1\" content=\"Est. reading time\" \/>\n\t<meta name=\"twitter:data1\" content=\"1 minute\" \/>\n<script type=\"application\/ld+json\" class=\"yoast-schema-graph\">{\"@context\":\"https:\/\/schema.org\",\"@graph\":[{\"@type\":\"WebPage\",\"@id\":\"https:\/\/promopers.com\/impressum\/\",\"url\":\"https:\/\/promopers.com\/impressum\/\",\"name\":\"Impressum - X-Tool Services (Schweiz) AG\",\"isPartOf\":{\"@id\":\"https:\/\/promopers.com\/#website\"},\"datePublished\":\"2023-03-01T20:25:38+00:00\",\"dateModified\":\"2023-03-01T20:25:38+00:00\",\"breadcrumb\":{\"@id\":\"https:\/\/promopers.com\/impressum\/#breadcrumb\"},\"inLanguage\":\"en-US\",\"potentialAction\":[{\"@type\":\"ReadAction\",\"target\":[\"https:\/\/promopers.com\/impressum\/\"]}]},{\"@type\":\"BreadcrumbList\",\"@id\":\"https:\/\/promopers.com\/impressum\/#breadcrumb\",\"itemListElement\":[{\"@type\":\"ListItem\",\"position\":1,\"name\":\"Home\",\"item\":\"https:\/\/promopers.com\/\"},{\"@type\":\"ListItem\",\"position\":2,\"name\":\"Impressum\"}]},{\"@type\":\"WebSite\",\"@id\":\"https:\/\/promopers.com\/#website\",\"url\":\"https:\/\/promopers.com\/\",\"name\":\"X-Tool Services (Schweiz) AG\",\"description\":\"Staff Solutions since 1999\",\"publisher\":{\"@id\":\"https:\/\/promopers.com\/#organization\"},\"potentialAction\":[{\"@type\":\"SearchAction\",\"target\":{\"@type\":\"EntryPoint\",\"urlTemplate\":\"https:\/\/promopers.com\/?s={search_term_string}\"},\"query-input\":\"required name=search_term_string\"}],\"inLanguage\":\"en-US\"},{\"@type\":\"Organization\",\"@id\":\"https:\/\/promopers.com\/#organization\",\"name\":\"promoPers\",\"url\":\"https:\/\/promopers.com\/\",\"logo\":{\"@type\":\"ImageObject\",\"inLanguage\":\"en-US\",\"@id\":\"https:\/\/promopers.com\/#\/schema\/logo\/image\/\",\"url\":\"https:\/\/promopers.com\/wp-content\/uploads\/2022\/11\/logo.png\",\"contentUrl\":\"https:\/\/promopers.com\/wp-content\/uploads\/2022\/11\/logo.png\",\"width\":62,\"height\":80,\"caption\":\"promoPers\"},\"image\":{\"@id\":\"https:\/\/promopers.com\/#\/schema\/logo\/image\/\"},\"sameAs\":[\"https:\/\/www.facebook.com\/promotionspersonal\/\"]}]}<\/script>\n<!-- \/ Yoast SEO plugin. -->","yoast_head_json":{"title":"Impressum - X-Tool Services (Schweiz) AG","robots":{"index":"index","follow":"follow","max-snippet":"max-snippet:-1","max-image-preview":"max-image-preview:large","max-video-preview":"max-video-preview:-1"},"canonical":"https:\/\/promopers.com\/en\/impressum\/","og_locale":"en_US","og_type":"article","og_title":"Impressum - X-Tool Services (Schweiz) AG","og_description":"Kontakt-Adresse X-Tool Services (Schweiz) AGR\u00fctistrasse 128952 SchlierenSchweiz E-Mail:info@promopers.com Vertretungsberechtigte Person(en) Fritz Feissli, Co-CEO &amp; CFONicolas Purprua, Co-CEO &amp; IT Handelsregister-Eintrag Eingetragener Firmenname: X-Tool Services (Schweiz) AGHandelsregister Nr: CHE-105.684.765 Mehrwertsteuer-NummerCHE-105.684.765 MWST Haftungsausschluss Der Autor \u00fcbernimmt keinerlei Gew\u00e4hr hinsichtlich der inhaltlichen Richtigkeit, Genauigkeit, Aktualit\u00e4t, Zuverl\u00e4ssigkeit und Vollst\u00e4ndigkeit der Informationen. Haftungsanspr\u00fcche gegen den Autor wegen Sch\u00e4den materieller oder &hellip; Continue reading \"Impressum\"","og_url":"https:\/\/promopers.com\/en\/impressum\/","og_site_name":"X-Tool Services (Schweiz) AG","article_publisher":"https:\/\/www.facebook.com\/promotionspersonal\/","twitter_card":"summary_large_image","twitter_misc":{"Est. reading time":"1 minute"},"schema":{"@context":"https:\/\/schema.org","@graph":[{"@type":"WebPage","@id":"https:\/\/promopers.com\/impressum\/","url":"https:\/\/promopers.com\/impressum\/","name":"Impressum - X-Tool Services (Schweiz) AG","isPartOf":{"@id":"https:\/\/promopers.com\/#website"},"datePublished":"2023-03-01T20:25:38+00:00","dateModified":"2023-03-01T20:25:38+00:00","breadcrumb":{"@id":"https:\/\/promopers.com\/impressum\/#breadcrumb"},"inLanguage":"en-US","potentialAction":[{"@type":"ReadAction","target":["https:\/\/promopers.com\/impressum\/"]}]},{"@type":"BreadcrumbList","@id":"https:\/\/promopers.com\/impressum\/#breadcrumb","itemListElement":[{"@type":"ListItem","position":1,"name":"Home","item":"https:\/\/promopers.com\/"},{"@type":"ListItem","position":2,"name":"Impressum"}]},{"@type":"WebSite","@id":"https:\/\/promopers.com\/#website","url":"https:\/\/promopers.com\/","name":"X-Tool Services (Schweiz) AG","description":"Staff Solutions since 1999","publisher":{"@id":"https:\/\/promopers.com\/#organization"},"potentialAction":[{"@type":"SearchAction","target":{"@type":"EntryPoint","urlTemplate":"https:\/\/promopers.com\/?s={search_term_string}"},"query-input":"required name=search_term_string"}],"inLanguage":"en-US"},{"@type":"Organization","@id":"https:\/\/promopers.com\/#organization","name":"promoPers","url":"https:\/\/promopers.com\/","logo":{"@type":"ImageObject","inLanguage":"en-US","@id":"https:\/\/promopers.com\/#\/schema\/logo\/image\/","url":"https:\/\/promopers.com\/wp-content\/uploads\/2022\/11\/logo.png","contentUrl":"https:\/\/promopers.com\/wp-content\/uploads\/2022\/11\/logo.png","width":62,"height":80,"caption":"promoPers"},"image":{"@id":"https:\/\/promopers.com\/#\/schema\/logo\/image\/"},"sameAs":["https:\/\/www.facebook.com\/promotionspersonal\/"]}]}},"_links":{"self":[{"href":"https:\/\/promopers.com\/en\/wp-json\/wp\/v2\/pages\/843"}],"collection":[{"href":"https:\/\/promopers.com\/en\/wp-json\/wp\/v2\/pages"}],"about":[{"href":"https:\/\/promopers.com\/en\/wp-json\/wp\/v2\/types\/page"}],"author":[{"embeddable":true,"href":"https:\/\/promopers.com\/en\/wp-json\/wp\/v2\/users\/1"}],"replies":[{"embeddable":true,"href":"https:\/\/promopers.com\/en\/wp-json\/wp\/v2\/comments?post=843"}],"version-history":[{"count":2,"href":"https:\/\/promopers.com\/en\/wp-json\/wp\/v2\/pages\/843\/revisions"}],"predecessor-version":[{"id":1409,"href":"https:\/\/promopers.com\/en\/wp-json\/wp\/v2\/pages\/843\/revisions\/1409"}],"wp:attachment":[{"href":"https:\/\/promopers.com\/en\/wp-json\/wp\/v2\/media?parent=843"}],"curies":[{"name":"wp","href":"https:\/\/api.w.org\/{rel}","templated":true}]}}