{"id":843,"date":"2023-03-01T20:25:38","date_gmt":"2023-03-01T20:25:38","guid":{"rendered":"https:\/\/promopers.com\/?page_id=843"},"modified":"2023-03-01T20:25:38","modified_gmt":"2023-03-01T20:25:38","slug":"impressum","status":"publish","type":"page","link":"https:\/\/promopers.com\/fr\/impressum\/","title":{"rendered":"<p>Mentions l\u00e9gales<\/p>"},"content":{"rendered":"<p>K<strong>ontact adresse<\/strong><p>X-Tool Services (Suisse) SA<br>Rue du R\u00fcti 12<br>8952 Schlieren<br>Suisse<\/p><p>Courrier \u00e9lectronique :<br>info@promopers.com<\/p><p><strong>Personne(s) habilit\u00e9e(s) \u00e0 repr\u00e9senter l'association<\/strong><\/p><p>Fritz Feissli, Co-CEO &amp; CFO<br>Nicolas Purprua, Co-CEO &amp; IT<\/p><p><strong>Inscription au registre du commerce<\/strong><\/p><p>Nom de l'entreprise enregistr\u00e9e : X-Tool Services (Suisse) SA<br>N\u00b0 du registre du commerce : CHE-105.684.765<\/p><p><strong>Num\u00e9ro de TVA<\/strong><br>CHE-105.684.765 TVA<\/p><p><strong>Clause de non-responsabilit\u00e9<\/strong><\/p><p>L'auteur n'assume aucune responsabilit\u00e9 quant \u00e0 la v\u00e9racit\u00e9, l'exactitude, l'actualit\u00e9, la fiabilit\u00e9 et l'exhaustivit\u00e9 du contenu des informations.<\/p><p>L'auteur ne saurait \u00eatre tenu pour responsable des dommages mat\u00e9riels ou immat\u00e9riels qui pourraient \u00eatre caus\u00e9s par l'acc\u00e8s aux informations diffus\u00e9es ou par leur utilisation ou non-utilisation, par le mauvais usage de la connexion ou par des probl\u00e8mes techniques.<\/p><p>Toutes les offres sont sans engagement. L'auteur se r\u00e9serve express\u00e9ment le droit de modifier, de compl\u00e9ter ou de supprimer des parties de pages ou l'ensemble de l'offre sans pr\u00e9avis particulier, ou d'en suspendre temporairement ou d\u00e9finitivement la publication.<\/p><p><strong>Clause de non-responsabilit\u00e9 pour les liens<\/strong><\/p><p>Les renvois et liens vers des sites web de tiers ne rel\u00e8vent pas de notre responsabilit\u00e9. Nous d\u00e9clinons toute responsabilit\u00e9 pour de tels sites web. L'acc\u00e8s \u00e0 de tels sites et leur utilisation se font aux risques et p\u00e9rils de l'utilisateur.<\/p><p><strong>Droits d'auteur<\/strong><\/p><p>Les droits d'auteur et tous les autres droits li\u00e9s aux contenus, images, photos ou autres fichiers de ce site web sont la propri\u00e9t\u00e9 exclusive de l'auteur. <strong>de la soci\u00e9t\u00e9 X-Tool Services (Suisse) SA<\/strong> ou aux d\u00e9tenteurs de droits sp\u00e9cifiquement cit\u00e9s. Pour la reproduction de tout \u00e9l\u00e9ment, l'autorisation \u00e9crite du d\u00e9tenteur des droits d'auteur doit \u00eatre obtenue au pr\u00e9alable.<\/p><\/p>","protected":false},"excerpt":{"rendered":"<p>Adresse de contact X-Tool Services (Suisse) SAR\u00fctistrasse 128952 SchlierenSuisse E-Mail:info@promopers.com Personne(s) habilit\u00e9e(s) \u00e0 repr\u00e9senter l'entreprise Fritz Feissli, Co-CEO &amp; CFONicolas Purprua, Co-CEO &amp; IT Inscription au registre du commerce Raison sociale enregistr\u00e9e : X-Tool Services (Suisse) SANum\u00e9ro de registre du commerce : CHE-105.684.765 Num\u00e9ro de TVACHE-105.684.765 TVA Exclusion de responsabilit\u00e9 L'auteur n'assume aucune garantie quant \u00e0 la v\u00e9racit\u00e9, l'exactitude, l'actualit\u00e9, la fiabilit\u00e9 et l'exhaustivit\u00e9 des informations. L'auteur ne saurait \u00eatre tenu pour responsable des dommages mat\u00e9riels ou ... <p class=\"link-more\"><a href=\"https:\/\/promopers.com\/fr\/impressum\/\" class=\"more-link\">Continuer la lecture<span class=\"screen-reader-text\"> fr \" Mentions l\u00e9gales \"<\/span><\/a><\/p><\/p>","protected":false},"author":1,"featured_media":0,"parent":0,"menu_order":0,"comment_status":"closed","ping_status":"closed","template":"","meta":[],"yoast_head":"<!-- This site is optimized with the Yoast SEO plugin v19.10 - https:\/\/yoast.com\/wordpress\/plugins\/seo\/ -->\n<title>Impressum - X-Tool Services (Schweiz) AG<\/title>\n<meta name=\"robots\" content=\"index, follow, max-snippet:-1, max-image-preview:large, max-video-preview:-1\" \/>\n<link rel=\"canonical\" href=\"https:\/\/promopers.com\/fr\/impressum\/\" \/>\n<meta property=\"og:locale\" content=\"fr_FR\" \/>\n<meta property=\"og:type\" content=\"article\" \/>\n<meta property=\"og:title\" content=\"Impressum - X-Tool Services (Schweiz) AG\" \/>\n<meta property=\"og:description\" content=\"Kontakt-Adresse X-Tool Services (Schweiz) AGR\u00fctistrasse 128952 SchlierenSchweiz E-Mail:info@promopers.com Vertretungsberechtigte Person(en) Fritz Feissli, Co-CEO &amp; CFONicolas Purprua, Co-CEO &amp; IT Handelsregister-Eintrag Eingetragener Firmenname: X-Tool Services (Schweiz) AGHandelsregister Nr: CHE-105.684.765 Mehrwertsteuer-NummerCHE-105.684.765 MWST Haftungsausschluss Der Autor \u00fcbernimmt keinerlei Gew\u00e4hr hinsichtlich der inhaltlichen Richtigkeit, Genauigkeit, Aktualit\u00e4t, Zuverl\u00e4ssigkeit und Vollst\u00e4ndigkeit der Informationen. Haftungsanspr\u00fcche gegen den Autor wegen Sch\u00e4den materieller oder &hellip; Continuer la lecture de &laquo;&nbsp;Impressum&nbsp;&raquo;\" \/>\n<meta property=\"og:url\" content=\"https:\/\/promopers.com\/fr\/impressum\/\" \/>\n<meta property=\"og:site_name\" content=\"X-Tool Services (Schweiz) AG\" \/>\n<meta property=\"article:publisher\" content=\"https:\/\/www.facebook.com\/promotionspersonal\/\" \/>\n<meta name=\"twitter:card\" content=\"summary_large_image\" \/>\n<meta name=\"twitter:label1\" content=\"Est. reading time\" \/>\n\t<meta name=\"twitter:data1\" content=\"1 minute\" \/>\n<script type=\"application\/ld+json\" class=\"yoast-schema-graph\">{\"@context\":\"https:\/\/schema.org\",\"@graph\":[{\"@type\":\"WebPage\",\"@id\":\"https:\/\/promopers.com\/impressum\/\",\"url\":\"https:\/\/promopers.com\/impressum\/\",\"name\":\"Impressum - X-Tool Services (Schweiz) AG\",\"isPartOf\":{\"@id\":\"https:\/\/promopers.com\/#website\"},\"datePublished\":\"2023-03-01T20:25:38+00:00\",\"dateModified\":\"2023-03-01T20:25:38+00:00\",\"breadcrumb\":{\"@id\":\"https:\/\/promopers.com\/impressum\/#breadcrumb\"},\"inLanguage\":\"fr-FR\",\"potentialAction\":[{\"@type\":\"ReadAction\",\"target\":[\"https:\/\/promopers.com\/impressum\/\"]}]},{\"@type\":\"BreadcrumbList\",\"@id\":\"https:\/\/promopers.com\/impressum\/#breadcrumb\",\"itemListElement\":[{\"@type\":\"ListItem\",\"position\":1,\"name\":\"Home\",\"item\":\"https:\/\/promopers.com\/\"},{\"@type\":\"ListItem\",\"position\":2,\"name\":\"Impressum\"}]},{\"@type\":\"WebSite\",\"@id\":\"https:\/\/promopers.com\/#website\",\"url\":\"https:\/\/promopers.com\/\",\"name\":\"X-Tool Services (Schweiz) AG\",\"description\":\"Staff Solutions since 1999\",\"publisher\":{\"@id\":\"https:\/\/promopers.com\/#organization\"},\"potentialAction\":[{\"@type\":\"SearchAction\",\"target\":{\"@type\":\"EntryPoint\",\"urlTemplate\":\"https:\/\/promopers.com\/?s={search_term_string}\"},\"query-input\":\"required name=search_term_string\"}],\"inLanguage\":\"fr-FR\"},{\"@type\":\"Organization\",\"@id\":\"https:\/\/promopers.com\/#organization\",\"name\":\"promoPers\",\"url\":\"https:\/\/promopers.com\/\",\"logo\":{\"@type\":\"ImageObject\",\"inLanguage\":\"fr-FR\",\"@id\":\"https:\/\/promopers.com\/#\/schema\/logo\/image\/\",\"url\":\"https:\/\/promopers.com\/wp-content\/uploads\/2022\/11\/logo.png\",\"contentUrl\":\"https:\/\/promopers.com\/wp-content\/uploads\/2022\/11\/logo.png\",\"width\":62,\"height\":80,\"caption\":\"promoPers\"},\"image\":{\"@id\":\"https:\/\/promopers.com\/#\/schema\/logo\/image\/\"},\"sameAs\":[\"https:\/\/www.facebook.com\/promotionspersonal\/\"]}]}<\/script>\n<!-- \/ Yoast SEO plugin. -->","yoast_head_json":{"title":"Impressum - X-Tool Services (Schweiz) AG","robots":{"index":"index","follow":"follow","max-snippet":"max-snippet:-1","max-image-preview":"max-image-preview:large","max-video-preview":"max-video-preview:-1"},"canonical":"https:\/\/promopers.com\/fr\/impressum\/","og_locale":"fr_FR","og_type":"article","og_title":"Impressum - X-Tool Services (Schweiz) AG","og_description":"Kontakt-Adresse X-Tool Services (Schweiz) AGR\u00fctistrasse 128952 SchlierenSchweiz E-Mail:info@promopers.com Vertretungsberechtigte Person(en) Fritz Feissli, Co-CEO &amp; CFONicolas Purprua, Co-CEO &amp; IT Handelsregister-Eintrag Eingetragener Firmenname: X-Tool Services (Schweiz) AGHandelsregister Nr: CHE-105.684.765 Mehrwertsteuer-NummerCHE-105.684.765 MWST Haftungsausschluss Der Autor \u00fcbernimmt keinerlei Gew\u00e4hr hinsichtlich der inhaltlichen Richtigkeit, Genauigkeit, Aktualit\u00e4t, Zuverl\u00e4ssigkeit und Vollst\u00e4ndigkeit der Informationen. Haftungsanspr\u00fcche gegen den Autor wegen Sch\u00e4den materieller oder &hellip; Continuer la lecture de &laquo;&nbsp;Impressum&nbsp;&raquo;","og_url":"https:\/\/promopers.com\/fr\/impressum\/","og_site_name":"X-Tool Services (Schweiz) AG","article_publisher":"https:\/\/www.facebook.com\/promotionspersonal\/","twitter_card":"summary_large_image","twitter_misc":{"Est. reading time":"1 minute"},"schema":{"@context":"https:\/\/schema.org","@graph":[{"@type":"WebPage","@id":"https:\/\/promopers.com\/impressum\/","url":"https:\/\/promopers.com\/impressum\/","name":"Impressum - X-Tool Services (Schweiz) AG","isPartOf":{"@id":"https:\/\/promopers.com\/#website"},"datePublished":"2023-03-01T20:25:38+00:00","dateModified":"2023-03-01T20:25:38+00:00","breadcrumb":{"@id":"https:\/\/promopers.com\/impressum\/#breadcrumb"},"inLanguage":"fr-FR","potentialAction":[{"@type":"ReadAction","target":["https:\/\/promopers.com\/impressum\/"]}]},{"@type":"BreadcrumbList","@id":"https:\/\/promopers.com\/impressum\/#breadcrumb","itemListElement":[{"@type":"ListItem","position":1,"name":"Home","item":"https:\/\/promopers.com\/"},{"@type":"ListItem","position":2,"name":"Impressum"}]},{"@type":"WebSite","@id":"https:\/\/promopers.com\/#website","url":"https:\/\/promopers.com\/","name":"X-Tool Services (Schweiz) AG","description":"Staff Solutions since 1999","publisher":{"@id":"https:\/\/promopers.com\/#organization"},"potentialAction":[{"@type":"SearchAction","target":{"@type":"EntryPoint","urlTemplate":"https:\/\/promopers.com\/?s={search_term_string}"},"query-input":"required name=search_term_string"}],"inLanguage":"fr-FR"},{"@type":"Organization","@id":"https:\/\/promopers.com\/#organization","name":"promoPers","url":"https:\/\/promopers.com\/","logo":{"@type":"ImageObject","inLanguage":"fr-FR","@id":"https:\/\/promopers.com\/#\/schema\/logo\/image\/","url":"https:\/\/promopers.com\/wp-content\/uploads\/2022\/11\/logo.png","contentUrl":"https:\/\/promopers.com\/wp-content\/uploads\/2022\/11\/logo.png","width":62,"height":80,"caption":"promoPers"},"image":{"@id":"https:\/\/promopers.com\/#\/schema\/logo\/image\/"},"sameAs":["https:\/\/www.facebook.com\/promotionspersonal\/"]}]}},"_links":{"self":[{"href":"https:\/\/promopers.com\/fr\/wp-json\/wp\/v2\/pages\/843"}],"collection":[{"href":"https:\/\/promopers.com\/fr\/wp-json\/wp\/v2\/pages"}],"about":[{"href":"https:\/\/promopers.com\/fr\/wp-json\/wp\/v2\/types\/page"}],"author":[{"embeddable":true,"href":"https:\/\/promopers.com\/fr\/wp-json\/wp\/v2\/users\/1"}],"replies":[{"embeddable":true,"href":"https:\/\/promopers.com\/fr\/wp-json\/wp\/v2\/comments?post=843"}],"version-history":[{"count":2,"href":"https:\/\/promopers.com\/fr\/wp-json\/wp\/v2\/pages\/843\/revisions"}],"predecessor-version":[{"id":1409,"href":"https:\/\/promopers.com\/fr\/wp-json\/wp\/v2\/pages\/843\/revisions\/1409"}],"wp:attachment":[{"href":"https:\/\/promopers.com\/fr\/wp-json\/wp\/v2\/media?parent=843"}],"curies":[{"name":"wp","href":"https:\/\/api.w.org\/{rel}","templated":true}]}}