{"id":843,"date":"2023-03-01T20:25:38","date_gmt":"2023-03-01T20:25:38","guid":{"rendered":"https:\/\/promopers.com\/?page_id=843"},"modified":"2023-03-01T20:25:38","modified_gmt":"2023-03-01T20:25:38","slug":"impressum","status":"publish","type":"page","link":"https:\/\/promopers.com\/it\/impressum\/","title":{"rendered":"<p>Impronta<\/p>"},"content":{"rendered":"<p>K<strong>indirizzo di contatto<\/strong><p>X-Tool Services (Svizzera) AG<br>R\u00fctistrasse 12<br>8952 Schlieren<br>Svizzera<\/p><p>E-mail:<br>info@promopers.com<\/p><p><strong>Rappresentante\/i autorizzato\/i<\/strong><\/p><p>Fritz Feissli, co-CEO e CFO<br>Nicolas Purprua, Co-CEO e IT<\/p><p><strong>Iscrizione al registro delle imprese<\/strong><\/p><p>Nome della societ\u00e0 registrata: X-Tool Services (Schweiz) AG<br>Numero di registro commerciale: CHE-105.684.765<\/p><p><strong>Numero di partita IVA<\/strong><br>CHE-105.684.765 IVA<\/p><p><strong>Dichiarazione di non responsabilit\u00e0<\/strong><\/p><p>L'autore non si assume alcuna responsabilit\u00e0 in merito alla correttezza, all'accuratezza, all'attualit\u00e0, all'affidabilit\u00e0 e alla completezza delle informazioni.<\/p><p>Le richieste di risarcimento per danni causati dall'uso delle informazioni fornite, comprese quelle incomplete o errate, saranno pertanto respinte.<\/p><p>Tutte le offerte non sono vincolanti. L'autore si riserva espressamente il diritto di modificare, integrare o cancellare parti delle pagine o l'intera offerta senza preavviso o di interrompere temporaneamente o definitivamente la pubblicazione.<\/p><p><strong>Disclaimer per i link<\/strong><\/p><p>I riferimenti e i link a siti web di terzi non rientrano nella nostra sfera di responsabilit\u00e0. Si declina ogni responsabilit\u00e0 per tali siti web. L'accesso e l'utilizzo di tali siti web \u00e8 a rischio del rispettivo utente.<\/p><p><strong>Copyright<\/strong><\/p><p>I diritti d'autore e tutti gli altri diritti sui contenuti, le immagini, le foto o altri file di questo sito web appartengono esclusivamente a <strong>della societ\u00e0 X-Tool Services (Schweiz) AG<\/strong> o i titolari del copyright specificamente indicati. Per la riproduzione di qualsiasi elemento \u00e8 necessario ottenere preventivamente il consenso scritto del titolare del copyright.<\/p><\/p>","protected":false},"excerpt":{"rendered":"<p>Indirizzo di contatto X-Tool Services (Schweiz) AGR\u00fctistrasse 128952 SchlierenSvizzera E-Mail:info@promopers.com Rappresentante\/i autorizzato\/i Fritz Feissli, Co-CEO &amp; CFONicolas Purprua, Co-CEO &amp; IT Iscrizione al registro delle imprese Nome della societ\u00e0 registrata: X-Tool Services (Schweiz) AGNumero di registro delle imprese: CHE-105.684.765 Numero di imposta sul valore aggiuntoCHE-105.684.765 IVA Esclusione di responsabilit\u00e0 L'autore non si assume alcuna responsabilit\u00e0 per la correttezza, l'accuratezza, l'attualit\u00e0, l'affidabilit\u00e0 e la completezza delle informazioni. Le richieste di responsabilit\u00e0 relative a danni causati dall'uso delle informazioni fornite, incluso qualsiasi tipo di ... <p class=\"link-more\"><a href=\"https:\/\/promopers.com\/it\/impressum\/\" class=\"more-link\">Leggi tutto<span class=\"screen-reader-text\"> \"Impronta\"<\/span><\/a><\/p><\/p>","protected":false},"author":1,"featured_media":0,"parent":0,"menu_order":0,"comment_status":"closed","ping_status":"closed","template":"","meta":[],"yoast_head":"<!-- This site is optimized with the Yoast SEO plugin v19.10 - https:\/\/yoast.com\/wordpress\/plugins\/seo\/ -->\n<title>Impressum - X-Tool Services (Schweiz) AG<\/title>\n<meta name=\"robots\" content=\"index, follow, max-snippet:-1, max-image-preview:large, max-video-preview:-1\" \/>\n<link rel=\"canonical\" href=\"https:\/\/promopers.com\/it\/impressum\/\" \/>\n<meta property=\"og:locale\" content=\"it_IT\" \/>\n<meta property=\"og:type\" content=\"article\" \/>\n<meta property=\"og:title\" content=\"Impressum - X-Tool Services (Schweiz) AG\" \/>\n<meta property=\"og:description\" content=\"Kontakt-Adresse X-Tool Services (Schweiz) AGR\u00fctistrasse 128952 SchlierenSchweiz E-Mail:info@promopers.com Vertretungsberechtigte Person(en) Fritz Feissli, Co-CEO &amp; CFONicolas Purprua, Co-CEO &amp; IT Handelsregister-Eintrag Eingetragener Firmenname: X-Tool Services (Schweiz) AGHandelsregister Nr: CHE-105.684.765 Mehrwertsteuer-NummerCHE-105.684.765 MWST Haftungsausschluss Der Autor \u00fcbernimmt keinerlei Gew\u00e4hr hinsichtlich der inhaltlichen Richtigkeit, Genauigkeit, Aktualit\u00e4t, Zuverl\u00e4ssigkeit und Vollst\u00e4ndigkeit der Informationen. Haftungsanspr\u00fcche gegen den Autor wegen Sch\u00e4den materieller oder &hellip; Leggi tutto &quot;Impressum&quot;\" \/>\n<meta property=\"og:url\" content=\"https:\/\/promopers.com\/it\/impressum\/\" \/>\n<meta property=\"og:site_name\" content=\"X-Tool Services (Schweiz) AG\" \/>\n<meta property=\"article:publisher\" content=\"https:\/\/www.facebook.com\/promotionspersonal\/\" \/>\n<meta name=\"twitter:card\" content=\"summary_large_image\" \/>\n<meta name=\"twitter:label1\" content=\"Est. reading time\" \/>\n\t<meta name=\"twitter:data1\" content=\"1 minuto\" \/>\n<script type=\"application\/ld+json\" class=\"yoast-schema-graph\">{\"@context\":\"https:\/\/schema.org\",\"@graph\":[{\"@type\":\"WebPage\",\"@id\":\"https:\/\/promopers.com\/impressum\/\",\"url\":\"https:\/\/promopers.com\/impressum\/\",\"name\":\"Impressum - X-Tool Services (Schweiz) AG\",\"isPartOf\":{\"@id\":\"https:\/\/promopers.com\/#website\"},\"datePublished\":\"2023-03-01T20:25:38+00:00\",\"dateModified\":\"2023-03-01T20:25:38+00:00\",\"breadcrumb\":{\"@id\":\"https:\/\/promopers.com\/impressum\/#breadcrumb\"},\"inLanguage\":\"it-IT\",\"potentialAction\":[{\"@type\":\"ReadAction\",\"target\":[\"https:\/\/promopers.com\/impressum\/\"]}]},{\"@type\":\"BreadcrumbList\",\"@id\":\"https:\/\/promopers.com\/impressum\/#breadcrumb\",\"itemListElement\":[{\"@type\":\"ListItem\",\"position\":1,\"name\":\"Home\",\"item\":\"https:\/\/promopers.com\/\"},{\"@type\":\"ListItem\",\"position\":2,\"name\":\"Impressum\"}]},{\"@type\":\"WebSite\",\"@id\":\"https:\/\/promopers.com\/#website\",\"url\":\"https:\/\/promopers.com\/\",\"name\":\"X-Tool Services (Schweiz) AG\",\"description\":\"Staff Solutions since 1999\",\"publisher\":{\"@id\":\"https:\/\/promopers.com\/#organization\"},\"potentialAction\":[{\"@type\":\"SearchAction\",\"target\":{\"@type\":\"EntryPoint\",\"urlTemplate\":\"https:\/\/promopers.com\/?s={search_term_string}\"},\"query-input\":\"required name=search_term_string\"}],\"inLanguage\":\"it-IT\"},{\"@type\":\"Organization\",\"@id\":\"https:\/\/promopers.com\/#organization\",\"name\":\"promoPers\",\"url\":\"https:\/\/promopers.com\/\",\"logo\":{\"@type\":\"ImageObject\",\"inLanguage\":\"it-IT\",\"@id\":\"https:\/\/promopers.com\/#\/schema\/logo\/image\/\",\"url\":\"https:\/\/promopers.com\/wp-content\/uploads\/2022\/11\/logo.png\",\"contentUrl\":\"https:\/\/promopers.com\/wp-content\/uploads\/2022\/11\/logo.png\",\"width\":62,\"height\":80,\"caption\":\"promoPers\"},\"image\":{\"@id\":\"https:\/\/promopers.com\/#\/schema\/logo\/image\/\"},\"sameAs\":[\"https:\/\/www.facebook.com\/promotionspersonal\/\"]}]}<\/script>\n<!-- \/ Yoast SEO plugin. -->","yoast_head_json":{"title":"Impressum - X-Tool Services (Schweiz) AG","robots":{"index":"index","follow":"follow","max-snippet":"max-snippet:-1","max-image-preview":"max-image-preview:large","max-video-preview":"max-video-preview:-1"},"canonical":"https:\/\/promopers.com\/it\/impressum\/","og_locale":"it_IT","og_type":"article","og_title":"Impressum - X-Tool Services (Schweiz) AG","og_description":"Kontakt-Adresse X-Tool Services (Schweiz) AGR\u00fctistrasse 128952 SchlierenSchweiz E-Mail:info@promopers.com Vertretungsberechtigte Person(en) Fritz Feissli, Co-CEO &amp; CFONicolas Purprua, Co-CEO &amp; IT Handelsregister-Eintrag Eingetragener Firmenname: X-Tool Services (Schweiz) AGHandelsregister Nr: CHE-105.684.765 Mehrwertsteuer-NummerCHE-105.684.765 MWST Haftungsausschluss Der Autor \u00fcbernimmt keinerlei Gew\u00e4hr hinsichtlich der inhaltlichen Richtigkeit, Genauigkeit, Aktualit\u00e4t, Zuverl\u00e4ssigkeit und Vollst\u00e4ndigkeit der Informationen. Haftungsanspr\u00fcche gegen den Autor wegen Sch\u00e4den materieller oder &hellip; Leggi tutto \"Impressum\"","og_url":"https:\/\/promopers.com\/it\/impressum\/","og_site_name":"X-Tool Services (Schweiz) AG","article_publisher":"https:\/\/www.facebook.com\/promotionspersonal\/","twitter_card":"summary_large_image","twitter_misc":{"Est. reading time":"1 minuto"},"schema":{"@context":"https:\/\/schema.org","@graph":[{"@type":"WebPage","@id":"https:\/\/promopers.com\/impressum\/","url":"https:\/\/promopers.com\/impressum\/","name":"Impressum - X-Tool Services (Schweiz) AG","isPartOf":{"@id":"https:\/\/promopers.com\/#website"},"datePublished":"2023-03-01T20:25:38+00:00","dateModified":"2023-03-01T20:25:38+00:00","breadcrumb":{"@id":"https:\/\/promopers.com\/impressum\/#breadcrumb"},"inLanguage":"it-IT","potentialAction":[{"@type":"ReadAction","target":["https:\/\/promopers.com\/impressum\/"]}]},{"@type":"BreadcrumbList","@id":"https:\/\/promopers.com\/impressum\/#breadcrumb","itemListElement":[{"@type":"ListItem","position":1,"name":"Home","item":"https:\/\/promopers.com\/"},{"@type":"ListItem","position":2,"name":"Impressum"}]},{"@type":"WebSite","@id":"https:\/\/promopers.com\/#website","url":"https:\/\/promopers.com\/","name":"X-Tool Services (Schweiz) AG","description":"Staff Solutions since 1999","publisher":{"@id":"https:\/\/promopers.com\/#organization"},"potentialAction":[{"@type":"SearchAction","target":{"@type":"EntryPoint","urlTemplate":"https:\/\/promopers.com\/?s={search_term_string}"},"query-input":"required name=search_term_string"}],"inLanguage":"it-IT"},{"@type":"Organization","@id":"https:\/\/promopers.com\/#organization","name":"promoPers","url":"https:\/\/promopers.com\/","logo":{"@type":"ImageObject","inLanguage":"it-IT","@id":"https:\/\/promopers.com\/#\/schema\/logo\/image\/","url":"https:\/\/promopers.com\/wp-content\/uploads\/2022\/11\/logo.png","contentUrl":"https:\/\/promopers.com\/wp-content\/uploads\/2022\/11\/logo.png","width":62,"height":80,"caption":"promoPers"},"image":{"@id":"https:\/\/promopers.com\/#\/schema\/logo\/image\/"},"sameAs":["https:\/\/www.facebook.com\/promotionspersonal\/"]}]}},"_links":{"self":[{"href":"https:\/\/promopers.com\/it\/wp-json\/wp\/v2\/pages\/843"}],"collection":[{"href":"https:\/\/promopers.com\/it\/wp-json\/wp\/v2\/pages"}],"about":[{"href":"https:\/\/promopers.com\/it\/wp-json\/wp\/v2\/types\/page"}],"author":[{"embeddable":true,"href":"https:\/\/promopers.com\/it\/wp-json\/wp\/v2\/users\/1"}],"replies":[{"embeddable":true,"href":"https:\/\/promopers.com\/it\/wp-json\/wp\/v2\/comments?post=843"}],"version-history":[{"count":2,"href":"https:\/\/promopers.com\/it\/wp-json\/wp\/v2\/pages\/843\/revisions"}],"predecessor-version":[{"id":1409,"href":"https:\/\/promopers.com\/it\/wp-json\/wp\/v2\/pages\/843\/revisions\/1409"}],"wp:attachment":[{"href":"https:\/\/promopers.com\/it\/wp-json\/wp\/v2\/media?parent=843"}],"curies":[{"name":"wp","href":"https:\/\/api.w.org\/{rel}","templated":true}]}}